{"id":1206,"date":"2015-12-04T02:08:06","date_gmt":"2015-12-04T02:08:06","guid":{"rendered":"http:\/\/theme-fusion.com\/avada\/construction\/?page_id=5"},"modified":"2018-05-31T21:32:47","modified_gmt":"2018-05-31T21:32:47","slug":"home","status":"publish","type":"page","link":"https:\/\/totalexpresso.pt\/en\/","title":{"rendered":"Home"},"content":{"rendered":"<p><div id=\"section1\" class=\"fusion-fullwidth fullwidth-box mass-responsive-section nonhundred-percent-fullwidth non-hundred-percent-height-scrolling\"  style='background-color: rgba(255,255,255,0);background-position: left top;background-repeat: no-repeat;padding-top:3%;padding-right:0px;padding-bottom:40px;padding-left:0px;border-top-width:0px;border-bottom-width:0px;border-color:#eae9e9;border-top-style:solid;border-bottom-style:solid;'><div class=\"fusion-builder-row fusion-row \"><div  class=\"fusion-layout-column fusion_builder_column fusion_builder_column_1_1  fusion-one-full fusion-column-first fusion-column-last mass-intro 1_1\"  style='margin-top:42px;margin-bottom:20px;'>\n\t\t\t\t\t<div class=\"fusion-column-wrapper\" style=\"padding: 0px 15% 0px 15%;background-position:left top;background-repeat:no-repeat;-webkit-background-size:cover;-moz-background-size:cover;-o-background-size:cover;background-size:cover;\"  data-bg-url=\"\">\n\t\t\t\t\t\t<div class=\"fusion-text\"><h2 style=\"text-align: center;\">Especialistas em estafetagem<\/h2>\n<\/div><div class=\"fusion-sep-clear\"><\/div><div class=\"fusion-separator sep-single sep-solid\" style=\"border-color:#0098c6;border-top-width:2px;margin-left: auto;margin-right: auto;margin-top:0px;margin-bottom:30px;width:100%;max-width:206px;\"><\/div><div class=\"fusion-text\"><p style=\"text-align: center;\">Somos uma empresa de estafetagem que oferece o mais alto n\u00edvel de profissionalismo, assegurando um servi\u00e7o externo totalmente adaptado \u00e0s exig\u00eancias dos seus clientes, criando rela\u00e7\u00f5es duradouras, numa base de parceria e de total confian\u00e7a.<\/p>\n<\/div><div class=\"fusion-clearfix\"><\/div>\n\n\t\t\t\t\t<\/div>\n\t\t\t\t<\/div><\/div><\/div><div class=\"fusion-fullwidth fullwidth-box nonhundred-percent-fullwidth non-hundred-percent-height-scrolling\"  style='background-color: #f5f5f5;background-position: center bottom;background-repeat: no-repeat;padding-right:0px;padding-left:0px;border-top-width:0px;border-bottom-width:0px;border-color:#eae9e9;border-top-style:solid;border-bottom-style:solid;'><div class=\"fusion-builder-row fusion-row \"><div  class=\"fusion-layout-column fusion_builder_column fusion_builder_column_1_1  fusion-one-full fusion-column-first fusion-column-last 1_1\"  style='margin-top:0px;margin-bottom:0px;'>\n\t\t\t\t\t<div class=\"fusion-column-wrapper\" style=\"padding: 0px 0px 0px 0px;background-position:center bottom;background-repeat:no-repeat;-webkit-background-size:cover;-moz-background-size:cover;-o-background-size:cover;background-size:cover;\"  data-bg-url=\"\">\n\t\t\t\t\t\t<div class=\"fusion-section-separator section-separator fusion-section-separator-with-offset\" style=\"padding:0;margin-left:calc( (100vw - 100% ) \/ -2  );margin-right:calc( (100vw - 100% ) \/ -2   );\"><svg id=\"bigHalfCircleCandy\" xmlns=\"http:\/\/www.w3.org\/2000\/svg\" version=\"1.1\" width=\"100%\" height=\"100\" viewBox=\"0 0 100 100\" preserveAspectRatio=\"none\" style=\"fill:#ffffff;padding:0;\"><path d=\"M0 0 C55 180 100 0 100 0 Z\"><\/path><\/svg><\/div><div class=\"fusion-clearfix\"><\/div>\n\n\t\t\t\t\t<\/div>\n\t\t\t\t<\/div><div  class=\"fusion-layout-column fusion_builder_column fusion_builder_column_1_1  fusion-one-full fusion-column-first fusion-column-last fusion-column-no-min-height 1_1\"  style='margin-top:60px;margin-bottom:30px;'>\n\t\t\t\t\t<div class=\"fusion-column-wrapper\" style=\"padding: 0px 0px 0px 0px;background-position:left top;background-repeat:no-repeat;-webkit-background-size:cover;-moz-background-size:cover;-o-background-size:cover;background-size:cover;\"  data-bg-url=\"\">\n\t\t\t\t\t\t<div class=\"fusion-counters-box counters-box row fusion-clearfix fusion-columns-3\"><div class=\"fusion-counter-box fusion-column col-counter-box counter-box-wrapper col-lg-4 col-md-4 col-sm-4 fusion-counter-box-icon-top\" data-animationOffset=\"100%\"><div class=\"counter-box-container\" style=\"border: 1px solid rgba(255,255,255,0);\"><div class=\"content-box-percentage content-box-counter\" style=\"color:#0098c6;font-size:40px;line-height:normal;\"><i class=\"counter-box-icon fa fontawesome-icon fa-dropbox\" style=\"font-size:70px;\"><\/i><span class=\"display-counter\" data-value=\"165634\" data-direction=\"up\" data-decimals=\"0\">0<\/span><\/div><div class=\"counter-box-content\" style=\"color:#004563;font-size:16px;\">DELIVERIES MADE<\/div><\/div><\/div><div class=\"fusion-counter-box fusion-column col-counter-box counter-box-wrapper col-lg-4 col-md-4 col-sm-4 fusion-counter-box-icon-top\" data-animationOffset=\"100%\"><div class=\"counter-box-container\" style=\"border: 1px solid rgba(255,255,255,0);\"><div class=\"content-box-percentage content-box-counter\" style=\"color:#0098c6;font-size:40px;line-height:normal;\"><i class=\"counter-box-icon fa fontawesome-icon fa-bookmark\" style=\"font-size:70px;\"><\/i><span class=\"display-counter\" data-value=\"47249\" data-direction=\"up\" data-decimals=\"0\">0<\/span><\/div><div class=\"counter-box-content\" style=\"color:#004563;font-size:16px;\">KMS TRAVELED<\/div><\/div><\/div><div class=\"fusion-counter-box fusion-column col-counter-box counter-box-wrapper col-lg-4 col-md-4 col-sm-4 fusion-counter-box-icon-top\" data-animationOffset=\"100%\"><div class=\"counter-box-container\" style=\"border: 1px solid rgba(255,255,255,0);\"><div class=\"content-box-percentage content-box-counter\" style=\"color:#0098c6;font-size:40px;line-height:normal;\"><i class=\"counter-box-icon fa fontawesome-icon fa-star\" style=\"font-size:70px;\"><\/i><span class=\"display-counter\" data-value=\"147\" data-direction=\"up\" data-decimals=\"0\">0<\/span><\/div><div class=\"counter-box-content\" style=\"color:#004563;font-size:16px;\">SATISFIED CUSTOMERS<\/div><\/div><\/div><\/div><div class=\"clearfix\"><\/div><div class=\"fusion-clearfix\"><\/div>\n\n\t\t\t\t\t<\/div>\n\t\t\t\t<\/div><div  class=\"fusion-layout-column fusion_builder_column fusion_builder_column_1_1  fusion-one-full fusion-column-first fusion-column-last fusion-blend-mode 1_1\"  style='margin-top:0px;margin-bottom:0px;'>\n\t\t\t\t\t<div class=\"fusion-column-wrapper\" style=\"background-color:rgba(109,109,109,0);padding: 0px 0px 0px 0px;background-position:left top;background-repeat:no-repeat;-webkit-background-size:cover;-moz-background-size:cover;-o-background-size:cover;background-size:cover;\"  data-bg-url=\"\">\n\t\t\t\t\t\t<div class=\"fusion-section-separator section-separator fusion-section-separator-with-offset\" style=\"padding:0;margin-left:calc( (100vw - 100% ) \/ -2  );margin-right:calc( (100vw - 100% ) \/ -2   );\"><svg id=\"bigHalfCircleCandy\" xmlns=\"http:\/\/www.w3.org\/2000\/svg\" version=\"1.1\" width=\"100%\" height=\"100\" viewBox=\"0 0 100 100\" preserveAspectRatio=\"none\" style=\"fill:#f5f5f5;padding:0;\"><path d=\"M0 100 C40 0 60 0 100 100 Z\"><\/path><\/svg><\/div><div class=\"fusion-clearfix\"><\/div>\n\n\t\t\t\t\t<\/div>\n\t\t\t\t<\/div><\/div><\/div><\/p>","protected":false},"excerpt":{"rendered":"","protected":false},"author":1,"featured_media":0,"parent":0,"menu_order":0,"comment_status":"closed","ping_status":"closed","template":"100-width.php","meta":{"footnotes":""},"_links":{"self":[{"href":"https:\/\/totalexpresso.pt\/en\/wp-json\/wp\/v2\/pages\/1206"}],"collection":[{"href":"https:\/\/totalexpresso.pt\/en\/wp-json\/wp\/v2\/pages"}],"about":[{"href":"https:\/\/totalexpresso.pt\/en\/wp-json\/wp\/v2\/types\/page"}],"author":[{"embeddable":true,"href":"https:\/\/totalexpresso.pt\/en\/wp-json\/wp\/v2\/users\/1"}],"replies":[{"embeddable":true,"href":"https:\/\/totalexpresso.pt\/en\/wp-json\/wp\/v2\/comments?post=1206"}],"version-history":[{"count":59,"href":"https:\/\/totalexpresso.pt\/en\/wp-json\/wp\/v2\/pages\/1206\/revisions"}],"predecessor-version":[{"id":1569,"href":"https:\/\/totalexpresso.pt\/en\/wp-json\/wp\/v2\/pages\/1206\/revisions\/1569"}],"wp:attachment":[{"href":"https:\/\/totalexpresso.pt\/en\/wp-json\/wp\/v2\/media?parent=1206"}],"curies":[{"name":"wp","href":"https:\/\/api.w.org\/{rel}","templated":true}]}}